{"id":78,"date":"2024-02-13T17:54:40","date_gmt":"2024-02-13T17:54:40","guid":{"rendered":"http:\/\/cerddedconwywalks.org\/?page_id=78"},"modified":"2024-06-03T17:19:10","modified_gmt":"2024-06-03T16:19:10","slug":"booking-information","status":"publish","type":"page","link":"https:\/\/cerddedconwywalks.org\/cy\/walks\/booking-information\/","title":{"rendered":"Gwybodaeth Archebu"},"content":{"rendered":"<div class=\"large-text\">\n    <p>Darllenwch y wybodaeth isod cyn archebu lle ar un o\u2019n teithiau cerdded. Os oes gennych unrhyw gwestiynau neu os oes angen rhywfaint o gyngor arnoch ar addasrwydd taith gerdded, cysylltwch \u00e2 ni.<\/p>\n<\/div>\n\n\n<figure class=\"wp-block-image size-full\"><img loading=\"lazy\" decoding=\"async\" width=\"1160\" height=\"544\" src=\"http:\/\/cerddedconwywalks.org\/wp-content\/uploads\/2024\/02\/CCW_Walks_Booking_Onto_Intro_01.jpg\" alt=\"\" class=\"wp-image-148\" srcset=\"https:\/\/cerddedconwywalks.org\/wp-content\/uploads\/2024\/02\/CCW_Walks_Booking_Onto_Intro_01.jpg 1160w, https:\/\/cerddedconwywalks.org\/wp-content\/uploads\/2024\/02\/CCW_Walks_Booking_Onto_Intro_01-300x141.jpg 300w, https:\/\/cerddedconwywalks.org\/wp-content\/uploads\/2024\/02\/CCW_Walks_Booking_Onto_Intro_01-768x360.jpg 768w, https:\/\/cerddedconwywalks.org\/wp-content\/uploads\/2024\/02\/CCW_Walks_Booking_Onto_Intro_01-1024x480.jpg 1024w, https:\/\/cerddedconwywalks.org\/wp-content\/uploads\/2024\/02\/CCW_Walks_Booking_Onto_Intro_01-18x8.jpg 18w\" sizes=\"auto, (max-width: 1160px) 100vw, 1160px\" \/><\/figure>\n\n\n\n<div class=\"wp-block-columns is-layout-flex wp-container-core-columns-is-layout-9d6595d7 wp-block-columns-is-layout-flex\">\n<div class=\"wp-block-column is-layout-flow wp-block-column-is-layout-flow\">\n<h2 class=\"wp-block-heading\">Graddau Taith Gerdded<\/h2>\n\n\n\n<p>Dylid nodi bod y graddau wedi\u2019u dyfarnu gan Arweinydd y Daith Gerdded a dylid eu defnyddio fel canllaw yn unig. Mae graddau\u2019r teithiau cerdded fel a ganlyn:<\/p>\n\n\n\n<ul class=\"wp-block-list\">\n<li><strong>A<\/strong>.Caled. Yn aml dros dir garw, uchel, sy\u2019n cynnwys esgyniadau\/gostyngiadau serth.  Mae pob taith gerdded dros 10 milltir \/ 16 cilomedr a\/neu deithiau cerdded llai o bellter ond gydag esgyniad o dros 2000 troedfedd\/600m.  Bydd gan y teithiau hyn nifer o ardaloedd a all roi pwysau ar allu corfforol a meddyliol y cerddwr.  Mae nifer o esgyniadau\/gostyngiadau yn ystod y daith gerdded, a bydd angen mordwyo a gosod traed yn ofalus ar y llwybr ar adegau.  Mae esgyniadau a gostyngiadau serth, tir gwlyb a phellter hir yn cyfrannu at ddynodiad \u201cA \u201d.<\/li>\n\n\n\n<li><strong>B+<\/strong>.Mynydd Cymedrol. Teithiau cerdded gyda mwy na 1,000 troedfedd \/300m ond gyda mwy o ddifrifoldeb.<\/li>\n\n\n\n<li><strong>B<\/strong>.Cymedrol \u2013 llwybrau bryniau a rhostir. 6 \u2013 10 milltir\/9.6 \u2013 16 cilomedr gyda chyfanswm esgyniad sy\u2019n llai na 2000 troedfedd\/600m. Taith gerdded a fydd yn cynnwys rhai rhannau mwy ymestynnol yn gorfforol neu\u2019n feddyliol. Efallai y bydd nifer o esgyniadau a disgyniadau y gellid eu hystyried yn heriol, eto gallai B+ fod ychydig yn fwy heriol.<\/li>\n\n\n\n<li><strong>C+<\/strong>.Haws na Chymedrol. Gwastad yn bennaf ond gallai gynnwys llethrau \u2013 llai na 17 cilomedr (10.5 milltir).<\/li>\n\n\n\n<li><strong>C<\/strong>.Hawdd. Llai na 5 milltir \/8 cilomedr gyda chyfanswm esgyniad sy\u2019n llai na 1,000 troedfedd\/300m.  Gwastad ar y cyfan \u2013 llai na 12 cilomedr (7.5 milltir).<\/li>\n<\/ul>\n<\/div>\n<\/div>\n\n\n\n<div class=\"wp-block-columns is-layout-flex wp-container-core-columns-is-layout-9d6595d7 wp-block-columns-is-layout-flex\">\n<div class=\"wp-block-column is-layout-flow wp-block-column-is-layout-flow\">\n<h2 class=\"wp-block-heading\">Amser Dechrau<\/h2>\n\n\n\n<p>Fel y nodir yn y rhaglen, dylech gyrraedd o leiaf 15 munud cyn dechrau pob taith gerdded er mwyn cofrestru.  Bydd y teithiau yn dechrau ar yr amser dechrau a nodwyd, p\u2019un a yw\u2019r holl gyfranogwyr wedi cyrraedd ai peidio.<\/p>\n\n\n\n<h2 class=\"wp-block-heading\">Tywydd<\/h2>\n\n\n\n<p>Gall arweinwyr y daith gerdded ohirio neu newid y llwybr pan fydd tywydd gwael.  Dylech sicrhau pan fyddwch yn archebu eich bod yn darparu eich manylion cyswllt rhag ofn y bydd angen i Arweinydd y Daith Gerdded gysylltu \u00e2 chi yngl\u0177n \u00e2\u2019r daith.<\/p>\n\n\n\n<h2 class=\"wp-block-heading\">Newidiadau<\/h2>\n\n\n\n<p>Mae gan y trefnwyr yr hawl i newid y rhaglen heb rybudd o flaen llaw.  Credir bod y manylion yn y rhaglen yn gywir ar adeg cyhoeddi. Mae arweinydd y daith gerdded yn cadw\u2019r hawl i newid llwybr y daith gerdded unrhyw amser cyn neu yn ystod y daith gerdded pan fydd angen.<\/p>\n\n\n\n<h2 class=\"wp-block-heading\">Ffotograffau<\/h2>\n\n\n\n<p>Yn ystod y teithiau cerdded, mae\u2019n bosibl y bydd arweinwyr y teithiau cerdded yn cymryd ffotograffau o\u2019r cerddwyr i\u2019w defnyddio o bosibl yn neunydd cyhoeddusrwydd a Gwefan  a thudalennau Facebook Cerdded Conwy Walks.  Rhowch wybod i\u2019r arweinydd pe byddai\u2019n well gennych beidio ymddangos yn unrhyw rai o\u2019r ffotograffau.<\/p>\n<\/div>\n\n\n\n<div class=\"wp-block-column is-layout-flow wp-block-column-is-layout-flow\">\n<figure class=\"wp-block-image size-full\"><img loading=\"lazy\" decoding=\"async\" width=\"562\" height=\"790\" src=\"http:\/\/cerddedconwywalks.org\/wp-content\/uploads\/2024\/04\/CCW_Walks_Booking_Photos_03.jpg\" alt=\"\" class=\"wp-image-571\" srcset=\"https:\/\/cerddedconwywalks.org\/wp-content\/uploads\/2024\/04\/CCW_Walks_Booking_Photos_03.jpg 562w, https:\/\/cerddedconwywalks.org\/wp-content\/uploads\/2024\/04\/CCW_Walks_Booking_Photos_03-213x300.jpg 213w, https:\/\/cerddedconwywalks.org\/wp-content\/uploads\/2024\/04\/CCW_Walks_Booking_Photos_03-9x12.jpg 9w\" sizes=\"auto, (max-width: 562px) 100vw, 562px\" \/><\/figure>\n<\/div>\n<\/div>\n\n\n\n<hr class=\"wp-block-separator has-alpha-channel-opacity\"\/>\n\n\n\n<div class=\"wp-block-buttons is-content-justification-center is-layout-flex wp-container-core-buttons-is-layout-16018d1d wp-block-buttons-is-layout-flex\">\n<div class=\"wp-block-button is-style-fill\"><a class=\"wp-block-button__link wp-element-button\" href=\"\/cy\/walks\/walks-programme\/\">Y Rhaglen o Deithiau Cerdded<\/a><\/div>\n<\/div>\n\n\n\n<hr class=\"wp-block-separator has-alpha-channel-opacity\"\/>","protected":false},"excerpt":{"rendered":"<p>Grades of Walk It should be noted that the grades are awarded by the Walk Leader and should be used as a guide only. The walk grades are as follows: Starting Time As noted in the programme, please arrive at least 15 minutes prior to the start of each walk in order to register. Walks [&hellip;]<\/p>\n","protected":false},"author":1,"featured_media":0,"parent":16,"menu_order":6,"comment_status":"closed","ping_status":"closed","template":"page-templates\/page-two-col.php","meta":{"_acf_changed":false,"pgc_sgb_lightbox_settings":"","footnotes":""},"class_list":["post-78","page","type-page","status-publish","hentry"],"acf":[],"_links":{"self":[{"href":"https:\/\/cerddedconwywalks.org\/cy\/wp-json\/wp\/v2\/pages\/78","targetHints":{"allow":["GET"]}}],"collection":[{"href":"https:\/\/cerddedconwywalks.org\/cy\/wp-json\/wp\/v2\/pages"}],"about":[{"href":"https:\/\/cerddedconwywalks.org\/cy\/wp-json\/wp\/v2\/types\/page"}],"author":[{"embeddable":true,"href":"https:\/\/cerddedconwywalks.org\/cy\/wp-json\/wp\/v2\/users\/1"}],"replies":[{"embeddable":true,"href":"https:\/\/cerddedconwywalks.org\/cy\/wp-json\/wp\/v2\/comments?post=78"}],"version-history":[{"count":29,"href":"https:\/\/cerddedconwywalks.org\/cy\/wp-json\/wp\/v2\/pages\/78\/revisions"}],"predecessor-version":[{"id":596,"href":"https:\/\/cerddedconwywalks.org\/cy\/wp-json\/wp\/v2\/pages\/78\/revisions\/596"}],"up":[{"embeddable":true,"href":"https:\/\/cerddedconwywalks.org\/cy\/wp-json\/wp\/v2\/pages\/16"}],"wp:attachment":[{"href":"https:\/\/cerddedconwywalks.org\/cy\/wp-json\/wp\/v2\/media?parent=78"}],"curies":[{"name":"wp","href":"https:\/\/api.w.org\/{rel}","templated":true}]}}